{"id":697,"date":"2016-03-15T10:53:41","date_gmt":"2016-03-15T10:53:41","guid":{"rendered":"http:\/\/themes.themegoods.com\/grandnews\/demo4\/page-background-header"},"modified":"2024-05-16T15:34:04","modified_gmt":"2024-05-16T13:34:04","slug":"page-background-header","status":"publish","type":"page","link":"https:\/\/magazine.addictus.it\/?page_id=697","title":{"rendered":"Consulenza legale sul Gioco d&#8217;Azzardo Patologico (GAP)"},"content":{"rendered":"\n<p>Rubrica curata dall&#8217;Avv. Renzo Segala<\/p>\n\n\n<p>Da parecchi anni svolgo l\u2019attivit\u00e0 di consulente legale presso il progetto GAP di Medicina delle Dipendenze presso l\u2019Ospedale di Verona. In effetti la dipendenza patologica da gioco d\u2019azzardo molto spesso \u00e8 correlata da rilevanti problematiche sia di carattere civile (sfratti, separazioni e divorzi, licenziamenti dal posto di lavoro, sovraindebitamento\u00a0 ecc&#8230;) sia di carattere penale (furti, appropriazioni indebite, truffe ecc&#8230;).\u00a0 A ci\u00f2 si aggiunga che spesso si manifesta la necessit\u00e0 di procedere al ricorso all\u2019amministrazione di sostegno nei confronti del giocatore quando egli non \u00e8 pi\u00f9 in grado di gestire in autonomia le proprie risorse economiche ed ha bisogno di essere coadiuvato da una persona di fiducia (spesso un famigliare) o da un tecnico nominato dal tribunale. La mia attivit\u00e0 si svolge sia direttamente con i pazienti del servizio, sia con gli operatori, psicoterapeuti e psichiatri, per l\u2019esame congiuntamente le varie problematiche legali dei pazienti del servizio e per cercare possibili soluzioni strategiche.<\/p>\n<p>Nel mio percorso formativo professionale per molti anni mi sono occupato di situazioni di disagio sociale, in particolar modo prestando la mia opera all\u2019associazione Avvocato di Strada che si occupa principalmente della tutela dei diritti dei senza fissa dimora, le cui problematiche rappresentano spesso molte similitudini con quelle dei giocatori d\u2019azzardo, soprattutto nel caso in cui costoro si rivolgono al servizio quando la loro posizione economica\/sociale risulta pesantemente aggravata a causa della loro patologia.<\/p>\n<p>In ultimo tengo a sottolineare l\u2019importanza di avere un parere legale rispetto alle molteplici problematiche inerenti al gioco d\u2019azzardo in quanto l\u2019approccio di un legale \u00e8 completamente differente da quello degli altri operatori in campo medico e psicologico, soprattutto per quanto riguarda l\u2019aspetto pratico. In altre parole non \u00e8 sufficiente conoscere in linea teorica la legge, ma \u00e8 necessario sapere le modalit\u00e0 e le tempistiche con cui essa viene poi applicata nei casi specifici. Quest\u2019aspetto \u00e8 risultato particolarmente utile soprattutto rispetto alle cosiddette \u201cdistorsioni cognitive\u201d dei pazienti del servizio, cio\u00e8 a errate rappresentazioni delle conseguenze legali del loro agire.<\/p>\n<p>Per questa ragione questa rubrica ha la finalit\u00e0 di rispondere a vostri quesiti inerenti agli aspetti legali delle problematiche derivate da gioco d\u2019azzardo patologico. Coloro che sono interessati potranno inviare una mail a <a href=\"mailto:renzosegala@ascarisegal.com\">renzosegala@ascarisegal.com<\/a><\/p>\n<p>\u00a0<\/p>\n<p>\u00a0<\/p>\n<p>Avv. Renzo Segala <a href=\"mailto:renzosegala@alice.it\">renzosegala@alice.it<\/a><\/p>","protected":false},"excerpt":{"rendered":"<p>Rubrica curata dall&#8217;Avv. Renzo Segala Da parecchi anni svolgo l\u2019attivit\u00e0 di consulente legale presso il progetto GAP di Medicina delle Dipendenze presso l\u2019Ospedale di Verona. In effetti la dipendenza patologica da gioco d\u2019azzardo molto spesso \u00e8 correlata da rilevanti problematiche [&hellip;]<\/p>\n","protected":false},"author":1,"featured_media":0,"parent":0,"menu_order":0,"comment_status":"closed","ping_status":"closed","template":"","meta":{"footnotes":""},"class_list":["post-697","page","type-page","status-publish","hentry"],"_links":{"self":[{"href":"https:\/\/magazine.addictus.it\/index.php?rest_route=\/wp\/v2\/pages\/697","targetHints":{"allow":["GET"]}}],"collection":[{"href":"https:\/\/magazine.addictus.it\/index.php?rest_route=\/wp\/v2\/pages"}],"about":[{"href":"https:\/\/magazine.addictus.it\/index.php?rest_route=\/wp\/v2\/types\/page"}],"author":[{"embeddable":true,"href":"https:\/\/magazine.addictus.it\/index.php?rest_route=\/wp\/v2\/users\/1"}],"replies":[{"embeddable":true,"href":"https:\/\/magazine.addictus.it\/index.php?rest_route=%2Fwp%2Fv2%2Fcomments&post=697"}],"version-history":[{"count":4,"href":"https:\/\/magazine.addictus.it\/index.php?rest_route=\/wp\/v2\/pages\/697\/revisions"}],"predecessor-version":[{"id":4012,"href":"https:\/\/magazine.addictus.it\/index.php?rest_route=\/wp\/v2\/pages\/697\/revisions\/4012"}],"wp:attachment":[{"href":"https:\/\/magazine.addictus.it\/index.php?rest_route=%2Fwp%2Fv2%2Fmedia&parent=697"}],"curies":[{"name":"wp","href":"https:\/\/api.w.org\/{rel}","templated":true}]}}